{"id":9,"date":"2009-09-01T00:24:12","date_gmt":"2009-09-01T03:24:12","guid":{"rendered":"http:\/\/gtella.test\/?page_id=9"},"modified":"2023-04-24T11:09:22","modified_gmt":"2023-04-24T14:09:22","slug":"enfoques","status":"publish","type":"page","link":"https:\/\/guillermotella.com\/pt\/abordagens\/","title":{"rendered":"Abordagens"},"content":{"rendered":"<p><\/p>\n<blockquote><p><em>Reflex\u00f5es sobre processos de estrutura\u00e7\u00e3o territorial da cidade.<\/em><\/p><\/blockquote>\n<p><\/p>","protected":false},"excerpt":{"rendered":"<p>Reflex\u00f5es sobre processos de estrutura\u00e7\u00e3o territorial da cidade.<\/p>\n","protected":false},"author":14,"featured_media":0,"parent":0,"menu_order":3,"comment_status":"closed","ping_status":"closed","template":"page-list-1col.php","meta":{"footnotes":""},"class_list":["post-9","page","type-page","status-publish","hentry"],"aioseo_notices":[],"_links":{"self":[{"href":"https:\/\/guillermotella.com\/pt\/wp-json\/wp\/v2\/pages\/9","targetHints":{"allow":["GET"]}}],"collection":[{"href":"https:\/\/guillermotella.com\/pt\/wp-json\/wp\/v2\/pages"}],"about":[{"href":"https:\/\/guillermotella.com\/pt\/wp-json\/wp\/v2\/types\/page"}],"author":[{"embeddable":true,"href":"https:\/\/guillermotella.com\/pt\/wp-json\/wp\/v2\/users\/14"}],"replies":[{"embeddable":true,"href":"https:\/\/guillermotella.com\/pt\/wp-json\/wp\/v2\/comments?post=9"}],"version-history":[{"count":12,"href":"https:\/\/guillermotella.com\/pt\/wp-json\/wp\/v2\/pages\/9\/revisions"}],"predecessor-version":[{"id":5664,"href":"https:\/\/guillermotella.com\/pt\/wp-json\/wp\/v2\/pages\/9\/revisions\/5664"}],"wp:attachment":[{"href":"https:\/\/guillermotella.com\/pt\/wp-json\/wp\/v2\/media?parent=9"}],"curies":[{"name":"wp","href":"https:\/\/api.w.org\/{rel}","templated":true}]}}