{"id":7,"date":"2009-09-01T00:23:52","date_gmt":"2009-09-01T03:23:52","guid":{"rendered":"http:\/\/gtella.test\/?page_id=7"},"modified":"2023-04-19T06:19:48","modified_gmt":"2023-04-19T09:19:48","slug":"mision","status":"publish","type":"page","link":"https:\/\/guillermotella.com\/pt\/missao\/","title":{"rendered":"Miss\u00e3o"},"content":{"rendered":"<p><\/p>\n<blockquote><p><em>Formula\u00e7\u00e3o de objetivos estrat\u00e9gicos orientados para a interven\u00e7\u00e3o urbana.<\/em><\/p><\/blockquote>\n<p><\/p>","protected":false},"excerpt":{"rendered":"<p>Formula\u00e7\u00e3o de objetivos estrat\u00e9gicos orientados para a interven\u00e7\u00e3o urbana.<\/p>\n","protected":false},"author":14,"featured_media":0,"parent":0,"menu_order":2,"comment_status":"closed","ping_status":"closed","template":"","meta":{"footnotes":""},"class_list":["post-7","page","type-page","status-publish","hentry"],"aioseo_notices":[],"_links":{"self":[{"href":"https:\/\/guillermotella.com\/pt\/wp-json\/wp\/v2\/pages\/7","targetHints":{"allow":["GET"]}}],"collection":[{"href":"https:\/\/guillermotella.com\/pt\/wp-json\/wp\/v2\/pages"}],"about":[{"href":"https:\/\/guillermotella.com\/pt\/wp-json\/wp\/v2\/types\/page"}],"author":[{"embeddable":true,"href":"https:\/\/guillermotella.com\/pt\/wp-json\/wp\/v2\/users\/14"}],"replies":[{"embeddable":true,"href":"https:\/\/guillermotella.com\/pt\/wp-json\/wp\/v2\/comments?post=7"}],"version-history":[{"count":52,"href":"https:\/\/guillermotella.com\/pt\/wp-json\/wp\/v2\/pages\/7\/revisions"}],"predecessor-version":[{"id":5616,"href":"https:\/\/guillermotella.com\/pt\/wp-json\/wp\/v2\/pages\/7\/revisions\/5616"}],"wp:attachment":[{"href":"https:\/\/guillermotella.com\/pt\/wp-json\/wp\/v2\/media?parent=7"}],"curies":[{"name":"wp","href":"https:\/\/api.w.org\/{rel}","templated":true}]}}