{"id":3,"date":"2021-06-30T00:23:10","date_gmt":"2021-06-30T03:23:10","guid":{"rendered":"http:\/\/gtella.test\/?page_id=3"},"modified":"2025-08-24T13:30:35","modified_gmt":"2025-08-24T16:30:35","slug":"perfil","status":"publish","type":"page","link":"https:\/\/guillermotella.com\/pt\/perfil-2\/","title":{"rendered":"Perfil"},"content":{"rendered":"<p><\/p>\n<blockquote><p><em>Resumo dos principais antecedentes acad\u00e9micos e profissionais recentes.<\/em><\/p><\/blockquote>\n<p><img loading=\"lazy\" decoding=\"async\" class=\"full alignnone wp-image-5707 size-full\" src=\"https:\/\/guillermotella.com\/wp-content\/uploads\/Perfil-2023.jpg\" alt=\"\" width=\"1000\" height=\"300\" \/><\/p>\n<h2>Datos personales<\/h2>\n<p>Naci\u00f3 en Buenos Aires (Argentina), en julio de 1965; ciudad en la que desde entonces con orgullo y fascinaci\u00f3n reside.<\/p>\n<h2>Formaci\u00f3n acad\u00e9mica<\/h2>\n<p>Es Arquitecto, graduado en la Universidad de Buenos Aires en <strong>1991<\/strong>. Ha realizado estudios de posgrado en Planeamiento Urbano-Regional en Buenos Aires y Ordenamiento Territorial Metropolitano en Madrid.<\/p>\n<p>Ha completado sus Estudios Superiores de Doctorado en la Universidad de Buenos Aires y alcanz\u00f3 en <strong>2011<\/strong> el grado acad\u00e9mico de <em>Doctor en Urbanismo, con tesis titulada: <\/em>\u201cCiudades <em>Pr\u00eat \u00e0 Porter<\/em>: Estrategias para planificar territorios en mutaci\u00f3n\u201d.<\/p>\n<p>Y desarroll\u00f3 en <strong>2012<\/strong> el <em>Programa Posdoctoral <\/em>en Ciencias Sociales y Humanidades del Centro de Estudios Avanzados, Universidad Nacional de C\u00f3rdoba (Argentina), con tesis titulada: \u201cLa (re)construcci\u00f3n de la periferia: Instauraciones discursivas sobre la Aglomeraci\u00f3n Gran Buenos Aires\u201d.<\/p>\n<h2>Actividad universitaria<\/h2>\n<p>Es Profesor e Investigador desde <strong>1989<\/strong>. En el \u00e1mbito de la <em>Universidad de Buenos Aires<\/em>, realiza tareas docentes en Planificaci\u00f3n Urbana y dirige proyectos de investigaci\u00f3n en el Instituto Superior de Urbanismo.<\/p>\n<p>Asimismo, desde <strong>2005<\/strong> tambi\u00e9n desarrolla su actividad acad\u00e9mica en el Instituto del Conurbano de la <i>Universidad Nacional de General Sarmiento<\/i>. Y a partir de <strong>2016<\/strong> dirige el Laboratorio de Intervenciones Metropolitanas de la <i>Universidad de Flores<\/i> y es Secretario Acad\u00e9mico del Programa Interuniversitario de <i>Doctorado en Arquitectura y Urbanismo<\/i> (Argentina).<\/p>\n<h2>Actuaci\u00f3n profesional<\/h2>\n<p>En su actuaci\u00f3n profesional, participa y coordina el desarrollo de planes estrat\u00e9gicos, de ordenamiento urbano y de desarrollo local para organismos p\u00fablicos as\u00ed como para empresas consultoras socio-urbano-ambientales. Entre ellos, se destacan:<\/p>\n<p><strong>2023-2025:<\/strong>\u00a0Vicepresidente del Consejo de Planeamiento Estrat\u00e9gico de la Ciudad de Buenos Aires (designaci\u00f3n electiva y honor\u00edfica).<\/p>\n<p><strong>2021-2023:<\/strong>\u00a0Director Ejecutivo del Consejo de Planeamiento Estrat\u00e9gico de la Ciudad de Buenos Aires (reelecto por designaci\u00f3n electiva y honor\u00edfica).<\/p>\n<p><strong>2021-2022:<\/strong> Director Ejecutivo del \u201cPlan de Desarrollo Urbano para el Municipio de Mercedes, Provincia de Buenos Aires (Argentina)\u201d, Universidad Nacional de General Sarmiento (UNGS) y Consejo<br \/>\nFederal de Inversiones (CFI).<\/p>\n<p><strong>2021-2022:<\/strong> Director Ejecutivo del \u201cPlan de Desarrollo Urbano para el Municipio de Epuy\u00e9n, Provincia de Chubut (Argentina)\u201d, Asociaci\u00f3n Civil \u201cTerritorio Sur\u201d y Consejo Federal de Inversiones (CFI).<\/p>\n<p><strong>2019-2021:<\/strong> Director Ejecutivo del Consejo de Planeamiento Estrat\u00e9gico de la Ciudad de Buenos Aires (reelecto por designaci\u00f3n electiva y honor\u00edfica).<\/p>\n<p><strong>2017-2019:<\/strong> Director Ejecutivo del Consejo de Planeamiento Estrat\u00e9gico de la Ciudad de Buenos Aires (reelecto por designaci\u00f3n electiva y honor\u00edfica).<\/p>\n<p><strong>2017-2018:<\/strong> Coordinador General de \u201cPlan de desarrollo urbano para la ciudad de Mar del Plata\u201d, Centro de Estudios Urbanos y Regionales (CONICET) y Banco Interamericano de Desarrollo (BID).<\/p>\n<p><strong>2015-2017:<\/strong> Director Ejecutivo del Consejo de Planeamiento Estrat\u00e9gico de la Ciudad de Buenos Aires (electo por designaci\u00f3n electiva y honor\u00edfica).<\/p>\n<p><strong>2014-2015:<\/strong> Coordinador del Estudio \u201cOrdenamiento territorial, estrategias de gesti\u00f3n y actualizaci\u00f3n normativa para diferentes municipios argentinos\u201d, Ministerio del Interior y Transporte de la Naci\u00f3n.<\/p>\n<p><strong>2014-2015:<\/strong> Coordinador del Estudio \u201cDin\u00e1micas territoriales en el Alto Valle: An\u00e1lisis de situaci\u00f3n y dise\u00f1o de estrategias para la gesti\u00f3n\u201d, \u00c1rea de Planeamiento Estrat\u00e9gico de la C\u00e1mara<br \/>\nArgentina de la Construcci\u00f3n.<\/p>\n<p><strong>2013-2014:<\/strong> Coordinador de Dimensi\u00f3n Social del Consejo del Planeamiento Estrat\u00e9gico de la Ciudad de Buenos Aires; Jefatura de Gabinete del Gobierno de la Ciudad de Buenos Aires.<\/p>\n<p><strong>2012-2013:<\/strong> Coordinador del Estudio \u201cAn\u00e1lisis de Tr\u00e1nsito en Ciudades Intermedias. Estudios de caso en Argentina\u201d; Agencia Nacional de Seguridad Vial y Asociaci\u00f3n de Periodistas de Tr\u00e1nsito<br \/>\ny Transporte de Argentina.<\/p>\n<p><strong>2010-2013:<\/strong> Coordinador del Plan de Desarrollo Estrat\u00e9gico Territorial para el municipio de Balcarce, Provincia de Buenos Aires; DINAPREI-BID Banco Interamericano de Desarrollo.<\/p>\n<p><strong>2008-2009:<\/strong> Coordinador del Plan de Ordenamiento Urbano-Regional y de Desarrollo Local para el Partido de Lobos, Provincia de Buenos Aires; DINAPREI-BID Banco Interamericano de Desarrollo.<\/p>\n<p><strong>2006-2007:<\/strong> Coordinador de la Dimensi\u00f3n F\u00edsica y Transporte del Consejo del Planeamiento Estrat\u00e9gico, Gobierno de la Ciudad de Buenos Aires.<\/p>\n<p><strong>2003-2005:<\/strong> Coordinador T\u00e9cnico del \u201cPrograma Anillo Vial de Buenos Aires\u201d, AUSA Autopistas Urbanas S.A., Gobierno de la Ciudad de Buenos Aires.<\/p>\n<p><strong>2000-2002:<\/strong> Coordinador de \u201cEstudios de Base del Plan Urbano Ambiental\u201d, Secretar\u00eda de Planeamiento Urbano, Gobierno de la Ciudad de Buenos Aires.<\/p>\n<p><strong>1998-1999:<\/strong> Asistencia T\u00e9cnica \u201cOrdenamiento Territorial Metropolitano\u201d, Gerencia Municipal de Urbanismo del Ayuntamiento de Madrid, Espa\u00f1a.<\/p>\n<p><strong>1996-1997:<\/strong> Asistencia T\u00e9cnica \u201cDiagn\u00f3stico Socioterritorial del Gran Rosario\u201d, Instituto Federal de Asuntos Municipales, Ministerio del<br \/>\nInterior de la Naci\u00f3n.<\/p>\n<p><strong>1993-1995:<\/strong> Asistencia T\u00e9cnica \u201cOperaci\u00f3n de Sistema de Informaci\u00f3n Geogr\u00e1fica (SIG) para estudios urbanos de la Aglomeraci\u00f3n Gran Buenos Aires\u201d.<\/p>\n<h2>Distinciones obtenidas<\/h2>\n<p><strong>2021:<\/strong> Primer Premio en el Premio Libertador, Edici\u00f3n XXIII, en la tem\u00e1tica \u201cUrbanismo, Equidad y Derechos Humanos\u201d, organizado por el Rotary Club Libertador Recoleta (Buenos Aires, Argentina).<\/p>\n<p><strong>2021:<\/strong> Primer Premio en el Concurso Nacional de Ideas Urbanas \u201cEspacio p\u00fablico y movilidad del \u00e1rea central de la ciudad de Resistencia\u201d, con: K. Montauti, E. Vergara, A. Fal\u00fa, L. Castillo y S. Francisco. Fue organizado por Federaci\u00f3n Nacional de Entidades de Arquitectos.<\/p>\n<p><strong>2019:<\/strong> Primer Premio en el Concurso de Ensayos \u201cUna Cuenca por descubrir\u201d, con: J. Choi, L. Corbal\u00e1n, M. De Sousa, R. Di Corrado y M. Larumbe. Fue organizado por Autoridad de Cuenca Matanza Riachuelo, Universidad Nacional de Lan\u00fas; y Ministerio del<br \/>\nInterior de la Naci\u00f3n.<\/p>\n<p><strong>2018:<\/strong> Primer Premio en el Concurso Provincial de Ideas Urbanas &#8216;Planificaci\u00f3n del funcionamiento vehicular y peatonal en Tigre Centro&#8217;, con: E. Vergara, A. Coppo, D. Rodr\u00edguez D\u00edaz y V. Micou. Fue organizado por: Colegio de Arquitectos de la Provincia de<br \/>\nBuenos Aires (Argentina).<\/p>\n<p><strong>2018:<\/strong> Distinci\u00f3n recibida por la labor desempe\u00f1ada en la elaboraci\u00f3n del Proyecto de Ley de \u201cC\u00f3digo Urban\u00edstico de la Ciudad de Buenos Aires\u201d, por el Gobierno de la Ciudad de Buenos Aires.<\/p>\n<p><strong>2016:<\/strong> <i>Premio Bienal<\/i> de Arquitectura y Urbanismo de Buenos Aires, por el trabajo de investigaci\u00f3n \u201cCicatrices urbanas post-dictadura: Orden espacial y control social en la periferia de Buenos Aires\u201d.<\/p>\n<p><strong>2014:<\/strong> Distinci\u00f3n recibida como `Mejor Programa` por la labor period\u00edstica desempe\u00f1ada en el programa de radio \u201cZona Urbana\u201d, LRS837 Radio Universidad,<br \/>\nFM 91.7 \u201cLa Uni\u201d.<\/p>\n<p><strong>2011:<\/strong> Distinci\u00f3n recibida en el V Foro organizado por Com:Plot \u00b4C\u00f3digo Ciudadano\u00b4, en Guadalajara (M\u00e9xico), por sus estudios urbanos para Buenos Aires.<\/p>\n<p><strong>2004:<\/strong> Primer Premio. Bienal de Arquitectura y Urbanismo de Buenos Aires, por el trabajo de investigaci\u00f3n \u201cUn <em>crack<\/em> en la ciudad: Rupturas y continuidades en el sistema de centralidades<br \/>\nde Buenos Aires\u201d.<\/p>\n<p><strong>2002:<\/strong> Primer Premio. Premio Mercociudades de Ciencia y Tecnolog\u00eda, Ciudad de Buenos Aires, por el trabajo de investigaci\u00f3n \u201cDiagn\u00f3stico Ambiental del \u00c1rea Metropolitana de Buenos Aires. Sistemas de<br \/>\nInformaci\u00f3n Ambiental\u201d.<\/p>\n<p><strong>2000:<\/strong> Primer Premio. Bienal de Arquitectura y Urbanismo de Buenos Aires, por el trabajo de investigaci\u00f3n \u201cDel suburbio a la post-periferia: Efectos de una modernizaci\u00f3n tard\u00eda en la regi\u00f3n metropolitana de Buenos Aires\u201d.<\/p>\n<p><strong>2000:<\/strong> Labor Period\u00edstica. Distinci\u00f3n otorgada por el Honorable Consejo Acad\u00e9mico de la Facultad de Arquitectura, Dise\u00f1o, Arte y Urbanismo de la Universidad de Mor\u00f3n, por la difusi\u00f3n de la Arquitectura y el Urbanismo.<\/p>\n<p><strong>1997:<\/strong> Medalla de Plata. Premio Anual de Arquitectura y Urbanismo del Colegio de Arquitectos de la Provincia de Buenos Aires, por el trabajo de investigaci\u00f3n \u201cEstudio de impacto urbano ambiental sobre la<br \/>\ncosta de San Isidro\u201d.<\/p>\n<h2>Libros publicados<\/h2>\n<p>Como resultado de su producci\u00f3n te\u00f3rica y de su pr\u00e1ctica profesional, ha publicado numerosos trabajos en ediciones cient\u00edficas y de divulgaci\u00f3n sobre los procesos y efectos de la transformaci\u00f3n metropolitana. Entre los principales libros -algunos en co-autor\u00eda- se destacan:<\/p>\n<p><strong>2022:<\/strong> <a href=\"\/libros\/ciudad-pomelo\/\">Ciudad Pomelo: Miradas diversas de estudiantes sobre lo urbano<\/a><\/p>\n<p><strong>2021:<\/strong> <a href=\"\/wp-content\/uploads\/Paisaje-urbano-SINTESIS.pdf\" target=\"_blank\" rel=\"noopener\">Paisaje urbano: Estrategias para intervenir un Riachuelo en ciernes<\/a><\/p>\n<p><strong>2020:<\/strong> <a title=\"Construir la periferia\" href=\"\/libros\/construir-la-periferia\/\">Construir la periferia: Procesos, mecanismos y derechos en la ciudad de borde<\/a><\/p>\n<p><strong>2018:<\/strong> <a href=\"\/libros\/plan-de-desarrollo-urbano-para-la-ciudad-de-mar-del-plata\/\">Plan de desarrollo urbano para la ciudad de Mar del Plata<\/a><\/p>\n<p><strong>2017:<\/strong> <a href=\"\/libros\/mercedes-experiencia-urbanistica\/\">Mercedes: experiencia urban\u00edstica. Ciudades para Armar<\/a><\/p>\n<p><strong>2017:<\/strong> <a href=\"\/libros\/plan-estrategico-balcarce-2020-3\/\">Plan Estrat\u00e9gico Balcarce 2020: Instrumentos y proyectos para la gesti\u00f3n<\/a><\/p>\n<p><strong>2016:<\/strong> <a href=\"\/libros\/precariedad-urbana-y-reproduccion-social\/\">Precariedad urbana y reproducci\u00f3n social en la construcci\u00f3n de la ciudad<\/a><\/p>\n<p><strong>2015:<\/strong> <a href=\"\/libros\/espacio-poder-e-identidad\/\">Espacio, poder e identidad: Hacia un estatus urbano de lugar<\/a><\/p>\n<p><strong>2014:<\/strong> <a href=\"\/libros\/planificar-la-ciudad\/\">Planificar la Ciudad: Estrategias para intervenir territorios en mutaci\u00f3n<\/a><\/p>\n<p><strong>2013:<\/strong> <a href=\"\/libros\/plan-estrategico-balcarce-2020-2\/\">Plan Estrat\u00e9gico Balcarce 2020: Ciudad inclusiva, regi\u00f3n integrada<\/a><\/p>\n<p><strong>2009:<\/strong> <a href=\"\/libros\/buenos-aires\/\">Buenos Aires. Albores de una ciudad moderna<\/a><\/p>\n<p><strong>2007:<\/strong> <a href=\"\/libros\/un-crack-en-la-ciudad\/\">Un crack en la ciudad. Rupturas y continuidades en la trama urbana de Buenos Aires<\/a><\/p>\n<p><strong>2006:<\/strong> <a href=\"\/libros\/hacer-ciudad\/\">Hacer ciudad. Los desaf\u00edos de un proyecto colectivo<\/a><\/p>\n<p><strong>2005:<\/strong> <a href=\"\/libros\/investigacion-e-interdiseno\/\">Investigaci\u00f3n e Interdise\u00f1o. Hacia un enfoque integrado de desarrollo sustentable<\/a><\/p>\n<p><strong>2001:<\/strong> <a href=\"\/libros\/del-suburbio-a-la-post-periferia\/\">Del suburbio a la post-periferia. Efectos de una modernizaci\u00f3n tard\u00eda en la regi\u00f3n metropolitana de Buenos Aires<\/a><\/p>\n<p><strong>1999:<\/strong> <a href=\"\/libros\/diagnostico-socioterritorial-de-la-ciudad-de-buenos-aires\/\">Diagn\u00f3stico Socioterritorial de la Ciudad de Buenos Aires. Buenos Aires y su contexto metropolitano<\/a><\/p>\n<p><strong>1999:<\/strong> <a href=\"\/libros\/la-ciudad-de-buenos-aires-en-el-sistema-metropolitano\/\">La ciudad de Buenos Aires en el sistema metropolitano. Diagn\u00f3stico y prospectiva<\/a><\/p>\n<p><strong>1994:<\/strong> <a href=\"\/libros\/politica-municipal-y-espacio-urbano\/\">Pol\u00edtica municipal y espacio urbano. Buenos Aires 1880\/1910<\/a><\/p>\n<p><strong>1990:<\/strong> <a href=\"\/libros\/uso-politico-de-la-arquitectura-argentina\/\">Uso pol\u00edtico de la arquitectura argentina. 1880-1930<\/a><\/p>","protected":false},"excerpt":{"rendered":"<p>Resumo dos principais antecedentes acad\u00e9micos e profissionais recentes. Datos personales Naci\u00f3 en Buenos Aires (Argentina), en julio de 1965; ciudad en la que desde entonces con orgullo y fascinaci\u00f3n reside. Formaci\u00f3n acad\u00e9mica Es Arquitecto, graduado en la Universidad de Buenos Aires en 1991. Ha realizado estudios de posgrado en Planeamiento Urbano-Regional en Buenos Aires y [&hellip;]<\/p>\n","protected":false},"author":14,"featured_media":0,"parent":0,"menu_order":1,"comment_status":"closed","ping_status":"closed","template":"","meta":{"footnotes":""},"class_list":["post-3","page","type-page","status-publish","hentry"],"aioseo_notices":[],"_links":{"self":[{"href":"https:\/\/guillermotella.com\/pt\/wp-json\/wp\/v2\/pages\/3","targetHints":{"allow":["GET"]}}],"collection":[{"href":"https:\/\/guillermotella.com\/pt\/wp-json\/wp\/v2\/pages"}],"about":[{"href":"https:\/\/guillermotella.com\/pt\/wp-json\/wp\/v2\/types\/page"}],"author":[{"embeddable":true,"href":"https:\/\/guillermotella.com\/pt\/wp-json\/wp\/v2\/users\/14"}],"replies":[{"embeddable":true,"href":"https:\/\/guillermotella.com\/pt\/wp-json\/wp\/v2\/comments?post=3"}],"version-history":[{"count":288,"href":"https:\/\/guillermotella.com\/pt\/wp-json\/wp\/v2\/pages\/3\/revisions"}],"predecessor-version":[{"id":7753,"href":"https:\/\/guillermotella.com\/pt\/wp-json\/wp\/v2\/pages\/3\/revisions\/7753"}],"wp:attachment":[{"href":"https:\/\/guillermotella.com\/pt\/wp-json\/wp\/v2\/media?parent=3"}],"curies":[{"name":"wp","href":"https:\/\/api.w.org\/{rel}","templated":true}]}}