{"id":2573,"date":"2010-12-21T12:35:04","date_gmt":"2010-12-21T15:35:04","guid":{"rendered":"http:\/\/gtella.test\/?page_id=2573"},"modified":"2023-04-19T11:04:57","modified_gmt":"2023-04-19T14:04:57","slug":"daniel-cassano","status":"publish","type":"page","link":"https:\/\/guillermotella.com\/pt\/equipe\/daniel-cassano\/","title":{"rendered":"Daniel Cassano"},"content":{"rendered":"<p><\/p>\n<h3><span style=\"color: #888888;\">normativa urban\u00edstica<\/span><\/h3>\n<p>Abogado, egresado de la Universidad Nacional de La Plata en 1982. Realiz\u00f3 estudios de especializaci\u00f3n en Derecho de los Recursos Naturales y doctorado en Ciencias Jur\u00eddicas y Sociales. Ha coordinado el Observatorio Problem\u00e1ticas Comunitarias, de la Secretar\u00eda de Derechos Humanos de la Naci\u00f3n-Programa de Naciones Unidas para el Desarrollo-Universidad Nacional de General Sarmiento; y otros proyectos del PNUD, UNGS y la Uni\u00f3n Europea. Como consultor y asesor ha trabajado para municipios, organismos nacionales y provinciales, as\u00ed como con organismos internacionales, en asistencia t\u00e9cnica en tem\u00e1ticas referidas a fortalecimiento y gesti\u00f3n institucional. Se ha desempe\u00f1ado como investigador principal en variados proyectos y es autor de numerosas publicaciones referidas a normativa y gesti\u00f3n urbana.<\/p>","protected":false},"excerpt":{"rendered":"<p>normativa urban\u00edstica Abogado, egresado de la Universidad Nacional de La Plata en 1982. Realiz\u00f3 estudios de especializaci\u00f3n en Derecho de los Recursos Naturales y doctorado en Ciencias Jur\u00eddicas y Sociales. Ha coordinado el Observatorio Problem\u00e1ticas Comunitarias, de la Secretar\u00eda de Derechos Humanos de la Naci\u00f3n-Programa de Naciones Unidas para el Desarrollo-Universidad Nacional de General Sarmiento; [&hellip;]<\/p>\n","protected":false},"author":14,"featured_media":0,"parent":13,"menu_order":5,"comment_status":"open","ping_status":"open","template":"","meta":{"footnotes":""},"class_list":["post-2573","page","type-page","status-publish","hentry"],"aioseo_notices":[],"_links":{"self":[{"href":"https:\/\/guillermotella.com\/pt\/wp-json\/wp\/v2\/pages\/2573","targetHints":{"allow":["GET"]}}],"collection":[{"href":"https:\/\/guillermotella.com\/pt\/wp-json\/wp\/v2\/pages"}],"about":[{"href":"https:\/\/guillermotella.com\/pt\/wp-json\/wp\/v2\/types\/page"}],"author":[{"embeddable":true,"href":"https:\/\/guillermotella.com\/pt\/wp-json\/wp\/v2\/users\/14"}],"replies":[{"embeddable":true,"href":"https:\/\/guillermotella.com\/pt\/wp-json\/wp\/v2\/comments?post=2573"}],"version-history":[{"count":4,"href":"https:\/\/guillermotella.com\/pt\/wp-json\/wp\/v2\/pages\/2573\/revisions"}],"predecessor-version":[{"id":5646,"href":"https:\/\/guillermotella.com\/pt\/wp-json\/wp\/v2\/pages\/2573\/revisions\/5646"}],"up":[{"embeddable":true,"href":"https:\/\/guillermotella.com\/pt\/wp-json\/wp\/v2\/pages\/13"}],"wp:attachment":[{"href":"https:\/\/guillermotella.com\/pt\/wp-json\/wp\/v2\/media?parent=2573"}],"curies":[{"name":"wp","href":"https:\/\/api.w.org\/{rel}","templated":true}]}}