{"id":2562,"date":"2010-12-21T12:20:04","date_gmt":"2010-12-21T15:20:04","guid":{"rendered":"http:\/\/gtella.test\/?page_id=2562"},"modified":"2023-04-19T11:03:15","modified_gmt":"2023-04-19T14:03:15","slug":"diego-rodriguez","status":"publish","type":"page","link":"https:\/\/guillermotella.com\/pt\/equipe\/diego-rodriguez\/","title":{"rendered":"Diego Rodr\u00edguez"},"content":{"rendered":"<h3><span style=\"color: #888888;\">movilidad urbana<\/span><\/h3>\n<p>Licenciado en Geograf\u00eda, egresado de la Universidad de Buenos Aires. Tiene formaci\u00f3n de posgrado en Econom\u00eda Urbana en la Universidad Torcuato Di Tella. Es miembro del Programa Transporte y Territorio del Instituto de Geograf\u00eda de la Universidad de Buenos Aires, donde participa en investigaciones sobre movilidad urbana en la Regi\u00f3n Metropolitana de Buenos Aires. Ha realizado cursos sobre mercados del suelo urbano en el Lincoln Institute of Land Policy. Ha trabajado en la elaboraci\u00f3n y an\u00e1lisis de indicadores econ\u00f3micos y territoriales: Instituto Nacional de Estad\u00edstica y Censos, Secretar\u00eda de Industria de la Naci\u00f3n y Secretar\u00eda de Planeamiento del Gobierno de la Ciudad de Buenos Aires. Ha sido Consultor Responsable del Componente de Desarrollo Local del Plan Estrat\u00e9gico Lobos 2020 (2008\/9).<\/p>\n","protected":false},"excerpt":{"rendered":"<p>movilidad urbana Licenciado en Geograf\u00eda, egresado de la Universidad de Buenos Aires. Tiene formaci\u00f3n de posgrado en Econom\u00eda Urbana en la Universidad Torcuato Di Tella. Es miembro del Programa Transporte y Territorio del Instituto de Geograf\u00eda de la Universidad de Buenos Aires, donde participa en investigaciones sobre movilidad urbana en la Regi\u00f3n Metropolitana de Buenos [&hellip;]<\/p>\n","protected":false},"author":14,"featured_media":0,"parent":13,"menu_order":2,"comment_status":"open","ping_status":"open","template":"","meta":{"footnotes":""},"class_list":["post-2562","page","type-page","status-publish","hentry"],"aioseo_notices":[],"_links":{"self":[{"href":"https:\/\/guillermotella.com\/pt\/wp-json\/wp\/v2\/pages\/2562","targetHints":{"allow":["GET"]}}],"collection":[{"href":"https:\/\/guillermotella.com\/pt\/wp-json\/wp\/v2\/pages"}],"about":[{"href":"https:\/\/guillermotella.com\/pt\/wp-json\/wp\/v2\/types\/page"}],"author":[{"embeddable":true,"href":"https:\/\/guillermotella.com\/pt\/wp-json\/wp\/v2\/users\/14"}],"replies":[{"embeddable":true,"href":"https:\/\/guillermotella.com\/pt\/wp-json\/wp\/v2\/comments?post=2562"}],"version-history":[{"count":5,"href":"https:\/\/guillermotella.com\/pt\/wp-json\/wp\/v2\/pages\/2562\/revisions"}],"predecessor-version":[{"id":5641,"href":"https:\/\/guillermotella.com\/pt\/wp-json\/wp\/v2\/pages\/2562\/revisions\/5641"}],"up":[{"embeddable":true,"href":"https:\/\/guillermotella.com\/pt\/wp-json\/wp\/v2\/pages\/13"}],"wp:attachment":[{"href":"https:\/\/guillermotella.com\/pt\/wp-json\/wp\/v2\/media?parent=2562"}],"curies":[{"name":"wp","href":"https:\/\/api.w.org\/{rel}","templated":true}]}}