{"id":17,"date":"2009-09-01T00:25:53","date_gmt":"2009-09-01T03:25:53","guid":{"rendered":"http:\/\/gtella.test\/?page_id=17"},"modified":"2023-04-18T10:55:01","modified_gmt":"2023-04-18T13:55:01","slug":"articulos","status":"publish","type":"page","link":"https:\/\/guillermotella.com\/pt\/artigos\/","title":{"rendered":"Artigos"},"content":{"rendered":"<p><\/p>\n<blockquote><p><em>S\u00edntese de algumas publica\u00e7\u00f5es digitalizadas para descarregar.<\/em><\/p><\/blockquote>\n<p><\/p>","protected":false},"excerpt":{"rendered":"<p>S\u00edntese de algumas publica\u00e7\u00f5es digitalizadas para descarregar.<\/p>\n","protected":false},"author":14,"featured_media":0,"parent":0,"menu_order":7,"comment_status":"closed","ping_status":"closed","template":"page-list-2col.php","meta":{"footnotes":""},"class_list":["post-17","page","type-page","status-publish","hentry"],"aioseo_notices":[],"_links":{"self":[{"href":"https:\/\/guillermotella.com\/pt\/wp-json\/wp\/v2\/pages\/17","targetHints":{"allow":["GET"]}}],"collection":[{"href":"https:\/\/guillermotella.com\/pt\/wp-json\/wp\/v2\/pages"}],"about":[{"href":"https:\/\/guillermotella.com\/pt\/wp-json\/wp\/v2\/types\/page"}],"author":[{"embeddable":true,"href":"https:\/\/guillermotella.com\/pt\/wp-json\/wp\/v2\/users\/14"}],"replies":[{"embeddable":true,"href":"https:\/\/guillermotella.com\/pt\/wp-json\/wp\/v2\/comments?post=17"}],"version-history":[{"count":8,"href":"https:\/\/guillermotella.com\/pt\/wp-json\/wp\/v2\/pages\/17\/revisions"}],"predecessor-version":[{"id":5515,"href":"https:\/\/guillermotella.com\/pt\/wp-json\/wp\/v2\/pages\/17\/revisions\/5515"}],"wp:attachment":[{"href":"https:\/\/guillermotella.com\/pt\/wp-json\/wp\/v2\/media?parent=17"}],"curies":[{"name":"wp","href":"https:\/\/api.w.org\/{rel}","templated":true}]}}