{"id":3,"date":"2021-06-30T00:23:10","date_gmt":"2021-06-30T03:23:10","guid":{"rendered":"http:\/\/gtella.test\/?page_id=3"},"modified":"2025-08-24T13:30:35","modified_gmt":"2025-08-24T16:30:35","slug":"perfil","status":"publish","type":"page","link":"https:\/\/guillermotella.com\/en\/profile-2\/","title":{"rendered":"Profile"},"content":{"rendered":"<p><\/p>\n<blockquote><p><em>Resume of the main recent academic and professional backgrounds.<\/em><\/p><\/blockquote>\n<p><img loading=\"lazy\" decoding=\"async\" class=\"full alignnone wp-image-5244 size-full\" src=\"https:\/\/guillermotella.com\/wp-content\/uploads\/Foto-para-Perfil-4-DIC-2018-e1681381887393.jpg\" alt=\"\" width=\"754\" height=\"220\" srcset=\"https:\/\/guillermotella.com\/wp-content\/uploads\/Foto-para-Perfil-4-DIC-2018-e1681381887393.jpg 754w, https:\/\/guillermotella.com\/wp-content\/uploads\/Foto-para-Perfil-4-DIC-2018-e1681381887393-300x88.jpg 300w\" sizes=\"auto, (max-width: 754px) 100vw, 754px\" \/><\/p>\n<h2>Personal details<\/h2>\n<p>He was born in July 1965 in Buenos Aires (Argentina), the city in which he has been living since then with pride and fascination.<\/p>\n<h2>Academic education<\/h2>\n<p>He is an Architect graduated in the University of Buenos Aires in\u00a0<strong>1991<\/strong>. He has taken postgraduate studies in Urban and Regional Planning in Buenos Aires and in Metropolitan Land Use Planning in Madrid.  <\/p>\n<p>He has finished his Doctorate Higher Studies in the University of Buenos Aires and attained in\u00a0<strong>2011<\/strong>\u00a0the academic degree of\u00a0<em>Philosophy Doctor (PhD) in Urban Planning. The thesis is entitled: <\/em>\u201c<em>Pr\u00eat \u00e0 Porter<\/em> Cities: Strategies for planning mutation territories\u201d.<\/p>\n<p>In addition, in <strong>2012 <\/strong>developed and approved the Postdoctoral Program in Social Sciences and Humanities of the Center for Advanced Studies, National University of C\u00f3rdoba. The thesis is entitled: \u201cThe Rebuilding of the Outskirts. Discursive Establishments Regarding Great Buenos Aires\u201d.<\/p>\n<p>Since <strong>2025<\/strong>, he has approved the Postdoctoral Program in Psychology and Social Sciences, taught within the framework of the Faculty of Psychology and Social Sciences of the University of Flores, with the thesis titled: \u201cSocial construction of the landscape in urban peripheries: A systematic review\u201d.<\/p>\n<h2>University activity<\/h2>\n<p>He has been Professor and Researcher since\u00a0<strong>1989<\/strong>. At the <em>University of Buenos Aires<\/em>, he is a professor of \u201cUrban Planning\u201d and 2Cities to Build\u201d; and supervises research projects in the Superior Institute of Urbanism.<\/p>\n<p>Moreover, too since\u00a0<strong>2005<\/strong>\u00a0he carries out academic activities in the Institute of the Conurbation in the\u00a0<em>University of General Sarmiento<\/em>. And from 2016 he directs the Laboratory of Metropolitan Interventions of the\u00a0<em>University of Flores<\/em>\u00a0and is Academic Secretary of the Interuniversity Program of\u00a0<em>Doctorate in Architecture and Urbanism<\/em>\u00a0(Argentina).<\/p>\n<h2>Professional experience<\/h2>\n<p>In his professional experience, he takes part and coordinates the development of strategic plans and of urban ordinance and local development for public as well as for socio-urban and environmental consulting firms.\u00a0Among them, the following stand out:<\/p>\n<p><strong>2023-2025:\u00a0<\/strong>Vice President of the Strategic Planning Council of the City of Buenos Aires (elective and honorary designation).<\/p>\n<p><strong>2021-2023:<\/strong>\u00a0Executive Director of Strategic Planning Council of the City of Buenos Aires (reelect for elective and honorific designation).<\/p>\n<p><strong>2021-2022:<\/strong>\u00a0Executive Director of the \u201cUrban Development Plan of the Municipal District of Mercedes, Province of Buenos Aires (Argentina)\u201d, National University of General Sarmiento (UNGS) and Federal<br \/>\nInvestment Council (CFI).<\/p>\n<p><strong>2021-2022:<\/strong>\u00a0Executive Director of the \u201cUrban Development Plan of the Municipal District of Epuy\u00e9n, Province of Chubut (Argentina)\u201d, Civil Association &#8220;Territorio Sur\u201d and Federal Investment Council (CFI).<\/p>\n<p><strong>2019-2021:<\/strong>\u00a0Executive Director of Strategic Planning Council of the City of Buenos Aires (reelect for elective and honorific designation).<\/p>\n<p><strong>2017-2019:<\/strong>\u00a0Executive Director of Strategic Planning Council of the City of Buenos Aires (reelect for elective and honorific designation).<\/p>\n<p><strong>2017-2018:<\/strong>\u00a0Chief Coordinator of the Study \u201cUrban Development Plan for City of Mar del Plata\u201d, Center for Urban and Regional Studies (CONICET) and InterAmerican Development Bank (IDB).<\/p>\n<p><strong>2016-2022:<\/strong>\u00a0Councilor (elected) of the Urban Environmental Plan Council (CoPUA) of the Government of the City of Buenos Aires.<\/p>\n<p><strong>2015-2017:<\/strong>\u00a0Executive Director of Strategic Planning Council of the City of Buenos Aires (elective and honorary designation).<\/p>\n<p><strong>2014-2015<\/strong>: Coordinator of the Study \u201cSpatial planning, Management strategies and Regulatory Updates for Different Argentine City Councils\u201d, Ministry of Interior and Transport of the Nation.<\/p>\n<p><strong>2014-2015<\/strong>: Coordinator of the Study \u201cTerritorial dynamics in \u00b4Alto Valle\u00b4: Situation analysis and design management strategies\u201d, Strategic Planning Area, C\u00e1mara Argentina de la Construcci\u00f3n.<\/p>\n<p><strong>2013-2014:<\/strong> Coordinator Social Dimension of the Strategic Planning Council of the City of Buenos Aires, Leadership of Government, City Government of Buenos Aires.<\/p>\n<p><strong>2012-2013:\u00a0<\/strong>Coordinator of the Study \u201cAnalysis of Traffic in Intermediate Cities. Case studies in Argentina\u201d, National Agency for Road and Journalists Association of Traffic and Transportation\u00a0Security<br \/>\nof Argentina.<\/p>\n<p><strong>2010-2013<\/strong>: Coordinator of the Strategic Development Territorial Plan of the Municipal District of Balcarce, Province of Buenos Aires; DINAPREI-IDB Interamerican Development Bank.<\/p>\n<p><strong>2008-2009:<\/strong>\u00a0Coordinator of the Urban and Regional Ordinance and Local Development Plan of the Municipal District of Lobos, Province of Buenos Aires; DINAPREI-IDB Interamerican Development Bank.<\/p>\n<p><strong>2006-2007:<\/strong>\u00a0Coordinator of the Physical Dimension and Transport of the Council of Strategic Planning, Government of the City of Buenos Aires.<\/p>\n<p><strong>2003-2005:<\/strong>\u00a0Technical Coordinator of the \u2018Buenos Aires Belt Road Program\u2019, AUSA Autopistas Urbanas S.A., Government of Buenos Aires.<\/p>\n<p><strong>2000-2002:<\/strong>\u00a0Coordinator of the \u2018Base Studies of the Urban and Environmental Plan\u2019, Secretary of Urban Planning, Government of the City of Buenos Aires.<\/p>\n<p><strong>1998-1999:<\/strong>\u00a0Technical Assistance \u2018Metropolitan Territory Ordinance\u2019, Municipal Management Office of Urbanism of the City Council of Madrid.<\/p>\n<p><strong>1996-1997:<\/strong> Technical Assistance \u2018Socio-territorial Diagnosis of Greater Rosario\u2019, Federal Institute of Municipal Affairs of the National Ministry of the Interior.<\/p>\n<p><strong>1993-1995:<\/strong>\u00a0Technical Assistance \u201cOperation of Geographic Information System (GIS) for Urban Studies of the Greater Buenos Aires\u201d.<\/p>\n<h2>Awards won<\/h2>\n<p><strong>2024: <\/strong>First Prize in the \u201cRecommended Chairs\u201d contest as \u201cBest Chair in Urban Planning\u201d in the Architecture program of the Facultad de Arquitectura, Dise\u00f1o y Urbanismo, University of Buenos Aires.<\/p>\n<p><strong>2021<\/strong>:\u00a0<em>First Prize<\/em>\u00a0in the Libertador Prize, XXIII Edition, on the theme &#8220;Urbanism, Equity and Human Rights&#8221;, organized by the Rotary Club Libertador Recoleta (City of Buenos Aires, Argentina).<\/p>\n<p><strong>2021<\/strong>:\u00a0<em>First Prize<\/em>.\u00a0National Urban Ideas Contest \u201cPublic Space and Mobility of the Central Area of the City of Resistencia\u201d, with: K. Montauti, E. Vergara, A. Fal\u00fa, L. Castillo y S. Francisco. It was organized by: Federaci\u00f3n Nacional de Entidades de Arquitectos.<\/p>\n<p><strong>2019<\/strong>:\u00a0<em>First Prize<\/em>. Papers Contest &#8220;A Basin to be Discovered&#8221;, with: J. Choi, L. Corbal\u00e1n, M. De Sousa, R. Di Corrado y M. Larumbe. It was organized by: Autoridad de Cuenca Matanza Riachuelo, Universidad Nacional de Lan\u00fas; and Ministerio del Interior de la Naci\u00f3n.<\/p>\n<p><strong>2018<\/strong>:\u00a0<em>First Prize<\/em>. Provincial Urban Ideas Contest \u00b4Transportation Planning in Tigre Centro (Buenos Aires Province)\u2019, with: E. Vergara, A. Coppo, D. Rodr\u00edguez D\u00edaz y V. Micou. It was organized by: Colegio de Arquitectos de la Provincia de Buenos Aires (Argentina).<\/p>\n<p><strong>2018<\/strong>:\u00a0<em>Distinction<\/em> received for the work carried out in the preparation of the law proyect of \u201cUrban Development Code of the City of Buenos Aires\u201d, by the Government of the City of Buenos Aires.<\/p>\n<p><strong>2016<\/strong>:\u00a0<em>Prize\u00a0<\/em>Buenos Aires Biennial of Architecture and Urbanism for the research work \u201cUrban scars post-dictatorship: Spatial order and social control in the periphery of Buenos Aires\u201d.<\/p>\n<p><strong>2014<\/strong>: <em>Distinction<\/em> obtained as `Best Programa` because journalism performed on the radio program \u201cZona Urbana\u201d, LRS837 Radio Universidad 91.7\u00a0FM \u201cLa Uni\u201d.<\/p>\n<p><strong>2011<\/strong>:\u00a0<em>Distinction<\/em> obtained in the V Forum organized by Com:Plot &#8216;City Code&#8217;, held in Guadalajara (Mexico), based on his studies made in Buenos Aires city.<\/p>\n<p><strong>2004<\/strong>: <em>First Prize<\/em>. Buenos Aires Biennial of Architecture and Urbanism for the research work \u201cA Crack in the City: Ruptures and Continuities in the system of centralities of Buenos Aires\u2019.<\/p>\n<p><strong>2002<\/strong>:\u00a0<em>First Prize<\/em>. Prize \u201cMercociudades de Ciencia y Tecnolog\u00eda\u2019, City of Buenos Aires, for the research work \u201cEnvironmental Diagnosis of the Metropolitan Area of Buenos Aires. Systems of Environmental Information\u201d.<\/p>\n<p><strong>2000<\/strong>: <em>First Prize<\/em>. Buenos Aires Biennial of Architecture and Urbanism \u201cFrom Suburbia to Post-Periphery: Effects of a Late Modernization in the Metropolitan Region of Buenos Aires\u201d.<\/p>\n<p><strong>2000<\/strong>:\u00a0<em>Journalistic Labor<\/em>. Award granted by the Honorable Academic Council of the Faculty of Architecture, Design, Arts and Urbanism of the University of Mor\u00f3n, for raising awareness of Architecture and Urbanism.<\/p>\n<p><strong>1997<\/strong>:\u00a0<em>Silver Medal<\/em>. Annual Prize of Architecture and Urbanism of the Architects\u2019 Association of the Province of Buenos Aires, for the research work \u201cStudy on the Urban and Environmental Impact on the Coast of San Isidro\u201d.<\/p>\n<h2>Published books<\/h2>\n<p>As a result of this theoretical production and professional practice, he has published numerous science and outreach works on the processes and effects of the metropolitan transformation. Among the main books published \u2013some co-authored\u2013 the following stand out:<\/p>\n<p><strong>2023<\/strong>: Paisajes de borde: Repensando el territorio como construcci\u00f3n simb\u00f3lica de lugar<\/p>\n<p><strong>2022:<\/strong> <a href=\"\/libros\/ciudad-pomelo\/\">Ciudad Pomelo: Miradas diversas de estudiantes sobre lo urbano<\/a><\/p>\n<p><strong>2021:<\/strong> <a href=\"\/wp-content\/uploads\/Paisaje-urbano-SINTESIS.pdf\" target=\"_blank\" rel=\"noopener\">Paisaje urbano: Estrategias para intervenir un Riachuelo en ciernes<\/a><\/p>\n<p><strong>2020:<\/strong> <a title=\"Construir la periferia\" href=\"\/libros\/construir-la-periferia\/\">Construir la periferia: Procesos, mecanismos y derechos en la ciudad de borde<\/a><\/p>\n<p><strong>2018:<\/strong> <a href=\"\/libros\/plan-de-desarrollo-urbano-para-la-ciudad-de-mar-del-plata\/\">Plan de desarrollo urbano para la ciudad de Mar del Plata<\/a><\/p>\n<p><strong>2017:<\/strong> <a href=\"\/libros\/mercedes-experiencia-urbanistica\/\">Mercedes: experiencia urban\u00edstica. Ciudades para Armar<\/a><\/p>\n<p><strong>2017:<\/strong> <a href=\"\/libros\/plan-estrategico-balcarce-2020-3\/\">Plan Estrat\u00e9gico Balcarce 2020: Instrumentos y proyectos para la gesti\u00f3n<\/a><\/p>\n<p><strong>2016:<\/strong> <a href=\"\/libros\/precariedad-urbana-y-reproduccion-social\/\">Precariedad urbana y reproducci\u00f3n social en la construcci\u00f3n de la ciudad<\/a><\/p>\n<p><strong>2015:<\/strong> <a href=\"\/libros\/espacio-poder-e-identidad\/\">Espacio, poder e identidad: Hacia un estatus urbano de lugar<\/a><\/p>\n<p><strong>2014:<\/strong> <a href=\"\/libros\/planificar-la-ciudad\/\">Planificar la Ciudad: Estrategias para intervenir territorios en mutaci\u00f3n<\/a><\/p>\n<p><strong>2013:<\/strong> <a href=\"\/libros\/plan-estrategico-balcarce-2020-2\/\">Plan Estrat\u00e9gico Balcarce 2020: Ciudad inclusiva, regi\u00f3n integrada<\/a><\/p>\n<p><strong>2009:<\/strong> <a href=\"\/libros\/buenos-aires\/\">Buenos Aires. Albores de una ciudad moderna<\/a><\/p>\n<p><strong>2007:<\/strong> <a href=\"\/libros\/un-crack-en-la-ciudad\/\">Un crack en la ciudad. Rupturas y continuidades en la trama urbana de Buenos Aires<\/a><\/p>\n<p><strong>2006:<\/strong> <a href=\"\/libros\/hacer-ciudad\/\">Hacer ciudad. Los desaf\u00edos de un proyecto colectivo<\/a><\/p>\n<p><strong>2005:<\/strong> <a href=\"\/libros\/investigacion-e-interdiseno\/\">Investigaci\u00f3n e Interdise\u00f1o. Hacia un enfoque integrado de desarrollo sustentable<\/a><\/p>\n<p><strong>2001:<\/strong> <a href=\"\/libros\/del-suburbio-a-la-post-periferia\/\">Del suburbio a la post-periferia. Efectos de una modernizaci\u00f3n tard\u00eda en la regi\u00f3n metropolitana de Buenos Aires<\/a><\/p>\n<p><strong>1999:<\/strong> <a href=\"\/libros\/diagnostico-socioterritorial-de-la-ciudad-de-buenos-aires\/\">Diagn\u00f3stico Socioterritorial de la Ciudad de Buenos Aires. Buenos Aires y su contexto metropolitano<\/a><\/p>\n<p><strong>1999:<\/strong> <a href=\"\/libros\/la-ciudad-de-buenos-aires-en-el-sistema-metropolitano\/\">La ciudad de Buenos Aires en el sistema metropolitano. Diagn\u00f3stico y prospectiva<\/a><\/p>\n<p><strong>1994:<\/strong> <a href=\"\/libros\/politica-municipal-y-espacio-urbano\/\">Pol\u00edtica municipal y espacio urbano. Buenos Aires 1880\/1910<\/a><\/p>\n<p><strong>1990:<\/strong> <a href=\"\/libros\/uso-politico-de-la-arquitectura-argentina\/\">Uso pol\u00edtico de la arquitectura argentina. 1880-1930<\/a><\/p>","protected":false},"excerpt":{"rendered":"<p>Resume of the main recent academic and professional backgrounds. Personal details He was born in July 1965 in Buenos Aires (Argentina), the city in which he has been living since then with pride and fascination. Academic education He is an Architect graduated in the University of Buenos Aires in\u00a01991. He has taken postgraduate studies in [&hellip;]<\/p>\n","protected":false},"author":14,"featured_media":0,"parent":0,"menu_order":1,"comment_status":"closed","ping_status":"closed","template":"","meta":{"footnotes":""},"class_list":["post-3","page","type-page","status-publish","hentry"],"aioseo_notices":[],"_links":{"self":[{"href":"https:\/\/guillermotella.com\/en\/wp-json\/wp\/v2\/pages\/3","targetHints":{"allow":["GET"]}}],"collection":[{"href":"https:\/\/guillermotella.com\/en\/wp-json\/wp\/v2\/pages"}],"about":[{"href":"https:\/\/guillermotella.com\/en\/wp-json\/wp\/v2\/types\/page"}],"author":[{"embeddable":true,"href":"https:\/\/guillermotella.com\/en\/wp-json\/wp\/v2\/users\/14"}],"replies":[{"embeddable":true,"href":"https:\/\/guillermotella.com\/en\/wp-json\/wp\/v2\/comments?post=3"}],"version-history":[{"count":303,"href":"https:\/\/guillermotella.com\/en\/wp-json\/wp\/v2\/pages\/3\/revisions"}],"predecessor-version":[{"id":7753,"href":"https:\/\/guillermotella.com\/en\/wp-json\/wp\/v2\/pages\/3\/revisions\/7753"}],"wp:attachment":[{"href":"https:\/\/guillermotella.com\/en\/wp-json\/wp\/v2\/media?parent=3"}],"curies":[{"name":"wp","href":"https:\/\/api.w.org\/{rel}","templated":true}]}}