{"id":2579,"date":"2010-12-21T12:41:48","date_gmt":"2010-12-21T15:41:48","guid":{"rendered":"http:\/\/gtella.test\/?page_id=2579"},"modified":"2023-04-19T11:03:40","modified_gmt":"2023-04-19T14:03:40","slug":"oscar-bianchini","status":"publish","type":"page","link":"https:\/\/guillermotella.com\/en\/partners\/pablo-de-ferrari\/","title":{"rendered":"Pablo De Ferrari"},"content":{"rendered":"<h3><span style=\"color: #888888;\">comunicaci\u00f3n gr\u00e1fica<\/span><\/h3>\n<p>Licenciado en Dise\u00f1o Gr\u00e1fico, egresado de la Universidad de Buenos Aires en 2002. Es T\u00e9cnico en Serigraf\u00eda de la Fundaci\u00f3n Gutenberg. Se desempe\u00f1a como Dise\u00f1ador Gr\u00e1fico, responsable de Preprensa en AGEA, con preparaci\u00f3n de pantallas serigr\u00e1ficas a trav\u00e9s de pel\u00edculas, puesta en m\u00e1quina y calibraci\u00f3n general. Asimismo, es titular de Ediciones Azzurras, donde se desempe\u00f1a como Editor Asociado y coordinador editorial de publicaciones y colecciones.<\/p>\n","protected":false},"excerpt":{"rendered":"<p>comunicaci\u00f3n gr\u00e1fica Licenciado en Dise\u00f1o Gr\u00e1fico, egresado de la Universidad de Buenos Aires en 2002. Es T\u00e9cnico en Serigraf\u00eda de la Fundaci\u00f3n Gutenberg. Se desempe\u00f1a como Dise\u00f1ador Gr\u00e1fico, responsable de Preprensa en AGEA, con preparaci\u00f3n de pantallas serigr\u00e1ficas a trav\u00e9s de pel\u00edculas, puesta en m\u00e1quina y calibraci\u00f3n general. Asimismo, es titular de Ediciones Azzurras, donde [&hellip;]<\/p>\n","protected":false},"author":14,"featured_media":0,"parent":13,"menu_order":7,"comment_status":"open","ping_status":"open","template":"","meta":{"footnotes":""},"class_list":["post-2579","page","type-page","status-publish","hentry"],"aioseo_notices":[],"_links":{"self":[{"href":"https:\/\/guillermotella.com\/en\/wp-json\/wp\/v2\/pages\/2579","targetHints":{"allow":["GET"]}}],"collection":[{"href":"https:\/\/guillermotella.com\/en\/wp-json\/wp\/v2\/pages"}],"about":[{"href":"https:\/\/guillermotella.com\/en\/wp-json\/wp\/v2\/types\/page"}],"author":[{"embeddable":true,"href":"https:\/\/guillermotella.com\/en\/wp-json\/wp\/v2\/users\/14"}],"replies":[{"embeddable":true,"href":"https:\/\/guillermotella.com\/en\/wp-json\/wp\/v2\/comments?post=2579"}],"version-history":[{"count":4,"href":"https:\/\/guillermotella.com\/en\/wp-json\/wp\/v2\/pages\/2579\/revisions"}],"predecessor-version":[{"id":5643,"href":"https:\/\/guillermotella.com\/en\/wp-json\/wp\/v2\/pages\/2579\/revisions\/5643"}],"up":[{"embeddable":true,"href":"https:\/\/guillermotella.com\/en\/wp-json\/wp\/v2\/pages\/13"}],"wp:attachment":[{"href":"https:\/\/guillermotella.com\/en\/wp-json\/wp\/v2\/media?parent=2579"}],"curies":[{"name":"wp","href":"https:\/\/api.w.org\/{rel}","templated":true}]}}