{"id":2576,"date":"2010-12-21T12:38:41","date_gmt":"2010-12-21T15:38:41","guid":{"rendered":"http:\/\/gtella.test\/?page_id=2576"},"modified":"2023-04-19T11:05:20","modified_gmt":"2023-04-19T14:05:20","slug":"alejandra-potocko","status":"publish","type":"page","link":"https:\/\/guillermotella.com\/en\/partners\/jorge-amado\/","title":{"rendered":"Jorge Amado"},"content":{"rendered":"<h3><span style=\"color: #888888;\">producci\u00f3n cartogr\u00e1fica<\/span><\/h3>\n<p>Licenciado en Urbanismo y Diplomado Universitario en Ciencias Sociales por la Universidad Nacional de General Sarmiento, donde tambi\u00e9n se encuentra realizando el Programa de Posgrado -Maestr\u00eda y Doctorado- en Estudios Urbanos. A nivel profesional se ha desempe\u00f1ado en la administraci\u00f3n p\u00fablica como funcionario y consultor en \u00e1reas de reordenamiento territorial, h\u00e1bitat social, vivienda y desarrollo local; formulando y ejecutando programas y proyectos en gobiernos municipales. Adem\u00e1s, ha participado en equipos de investigaci\u00f3n de organismos p\u00fablicos y privados y actualmente se desempe\u00f1a como Director de H\u00e1bitat Social de la Municipalidad de San Miguel (Buenos Aires), como colaborador de la revista de urbanismo \u201cArmar la Ciudad\u201d y como consultor en temas de urbanismo y h\u00e1bitat.<\/p>\n","protected":false},"excerpt":{"rendered":"<p>producci\u00f3n cartogr\u00e1fica Licenciado en Urbanismo y Diplomado Universitario en Ciencias Sociales por la Universidad Nacional de General Sarmiento, donde tambi\u00e9n se encuentra realizando el Programa de Posgrado -Maestr\u00eda y Doctorado- en Estudios Urbanos. A nivel profesional se ha desempe\u00f1ado en la administraci\u00f3n p\u00fablica como funcionario y consultor en \u00e1reas de reordenamiento territorial, h\u00e1bitat social, vivienda [&hellip;]<\/p>\n","protected":false},"author":14,"featured_media":0,"parent":13,"menu_order":6,"comment_status":"open","ping_status":"open","template":"","meta":{"footnotes":""},"class_list":["post-2576","page","type-page","status-publish","hentry"],"aioseo_notices":[],"_links":{"self":[{"href":"https:\/\/guillermotella.com\/en\/wp-json\/wp\/v2\/pages\/2576","targetHints":{"allow":["GET"]}}],"collection":[{"href":"https:\/\/guillermotella.com\/en\/wp-json\/wp\/v2\/pages"}],"about":[{"href":"https:\/\/guillermotella.com\/en\/wp-json\/wp\/v2\/types\/page"}],"author":[{"embeddable":true,"href":"https:\/\/guillermotella.com\/en\/wp-json\/wp\/v2\/users\/14"}],"replies":[{"embeddable":true,"href":"https:\/\/guillermotella.com\/en\/wp-json\/wp\/v2\/comments?post=2576"}],"version-history":[{"count":5,"href":"https:\/\/guillermotella.com\/en\/wp-json\/wp\/v2\/pages\/2576\/revisions"}],"predecessor-version":[{"id":5647,"href":"https:\/\/guillermotella.com\/en\/wp-json\/wp\/v2\/pages\/2576\/revisions\/5647"}],"up":[{"embeddable":true,"href":"https:\/\/guillermotella.com\/en\/wp-json\/wp\/v2\/pages\/13"}],"wp:attachment":[{"href":"https:\/\/guillermotella.com\/en\/wp-json\/wp\/v2\/media?parent=2576"}],"curies":[{"name":"wp","href":"https:\/\/api.w.org\/{rel}","templated":true}]}}