{"id":2569,"date":"2010-12-21T12:29:55","date_gmt":"2010-12-21T15:29:55","guid":{"rendered":"http:\/\/gtella.test\/?page_id=2569"},"modified":"2023-04-19T11:03:26","modified_gmt":"2023-04-19T14:03:26","slug":"manuel-luduena","status":"publish","type":"page","link":"https:\/\/guillermotella.com\/en\/partners\/andrea-lestard\/","title":{"rendered":"Andrea Lestard"},"content":{"rendered":"<h3><span style=\"color: #888888;\">proyecto urbano<\/span><\/h3>\n<p class=\"MsoNormal\" style=\"margin-bottom: 6.0pt;\"><span lang=\"ES\">Arquitecta, egresada en la Universidad de Buenos Aires. Ha obtenido un Master en la Universidad de Les Heures (Barcelona, Espa\u00f1a) sobre \u201cCiudad, proyectos, pol\u00edticas y gesti\u00f3n\u201d. Asimismo, desarroll\u00f3 el Posgrado en Gesti\u00f3n y Desarrollo Inmobiliario en la Universidad de San Andr\u00e9s (Argentina). Es Consultora en temas de urbanismo y planificaci\u00f3n as\u00ed como Project Manager en Baudizzone Lestard y Asociados Arquitectos. Se desempe\u00f1a como docente de Arquitectura en la Facultad de Arquitectura, Dise\u00f1o y Urbanismo de la Universidad de Buenos Aires, en la c\u00e1tedra Lestard. Y tambi\u00e9n es miembro de \u201cIniciativa Hub Buenos Aires\u201d y socia fundadora de \u201cDau.Recorridos\u201d, donde coordina talleres, workshops y grupos de estudio e investigacion en el exterior sobre dise\u00f1o, arquitectura y urbanismo.<\/span><\/p>\n","protected":false},"excerpt":{"rendered":"<p>proyecto urbano Arquitecta, egresada en la Universidad de Buenos Aires. Ha obtenido un Master en la Universidad de Les Heures (Barcelona, Espa\u00f1a) sobre \u201cCiudad, proyectos, pol\u00edticas y gesti\u00f3n\u201d. Asimismo, desarroll\u00f3 el Posgrado en Gesti\u00f3n y Desarrollo Inmobiliario en la Universidad de San Andr\u00e9s (Argentina). Es Consultora en temas de urbanismo y planificaci\u00f3n as\u00ed como Project [&hellip;]<\/p>\n","protected":false},"author":14,"featured_media":0,"parent":13,"menu_order":4,"comment_status":"open","ping_status":"open","template":"","meta":{"footnotes":""},"class_list":["post-2569","page","type-page","status-publish","hentry"],"aioseo_notices":[],"_links":{"self":[{"href":"https:\/\/guillermotella.com\/en\/wp-json\/wp\/v2\/pages\/2569","targetHints":{"allow":["GET"]}}],"collection":[{"href":"https:\/\/guillermotella.com\/en\/wp-json\/wp\/v2\/pages"}],"about":[{"href":"https:\/\/guillermotella.com\/en\/wp-json\/wp\/v2\/types\/page"}],"author":[{"embeddable":true,"href":"https:\/\/guillermotella.com\/en\/wp-json\/wp\/v2\/users\/14"}],"replies":[{"embeddable":true,"href":"https:\/\/guillermotella.com\/en\/wp-json\/wp\/v2\/comments?post=2569"}],"version-history":[{"count":6,"href":"https:\/\/guillermotella.com\/en\/wp-json\/wp\/v2\/pages\/2569\/revisions"}],"predecessor-version":[{"id":5642,"href":"https:\/\/guillermotella.com\/en\/wp-json\/wp\/v2\/pages\/2569\/revisions\/5642"}],"up":[{"embeddable":true,"href":"https:\/\/guillermotella.com\/en\/wp-json\/wp\/v2\/pages\/13"}],"wp:attachment":[{"href":"https:\/\/guillermotella.com\/en\/wp-json\/wp\/v2\/media?parent=2569"}],"curies":[{"name":"wp","href":"https:\/\/api.w.org\/{rel}","templated":true}]}}